{"id":275,"date":"2024-07-28T18:59:03","date_gmt":"2024-07-28T18:59:03","guid":{"rendered":"https:\/\/www.carreraaspacegr.com\/?page_id=275"},"modified":"2025-06-13T09:51:18","modified_gmt":"2025-06-13T09:51:18","slug":"evento-solidario","status":"publish","type":"page","link":"https:\/\/www.carreraaspacegr.com\/index.php\/evento-solidario\/","title":{"rendered":"Evento Solidario"},"content":{"rendered":"\t\t<div data-elementor-type=\"wp-page\" data-elementor-id=\"275\" class=\"elementor elementor-275\" data-elementor-post-type=\"page\">\n\t\t\t\t<div class=\"elementor-element elementor-element-f59161f e-flex e-con-boxed e-con e-parent\" data-id=\"f59161f\" data-element_type=\"container\" data-e-type=\"container\" data-settings=\"{&quot;background_background&quot;:&quot;classic&quot;}\">\n\t\t\t\t\t<div class=\"e-con-inner\">\n\t\t<div class=\"elementor-element elementor-element-487fcb3 e-con-full e-flex e-con e-child\" data-id=\"487fcb3\" data-element_type=\"container\" data-e-type=\"container\">\n\t\t\t\t<div class=\"elementor-element elementor-element-55707ba elementor-widget elementor-widget-heading\" data-id=\"55707ba\" data-element_type=\"widget\" data-e-type=\"widget\" data-widget_type=\"heading.default\">\n\t\t\t\t<div class=\"elementor-widget-container\">\n\t\t\t\t\t<h2 class=\"elementor-heading-title elementor-size-default\">Evento solidario<\/h2>\t\t\t\t<\/div>\n\t\t\t\t<\/div>\n\t\t\t\t<\/div>\n\t\t\t\t\t<\/div>\n\t\t\t\t<\/div>\n\t\t<div class=\"elementor-element elementor-element-a75c099 e-flex e-con-boxed e-con e-parent\" data-id=\"a75c099\" data-element_type=\"container\" data-e-type=\"container\">\n\t\t\t\t\t<div class=\"e-con-inner\">\n\t\t<div class=\"elementor-element elementor-element-1521a8a e-con-full e-flex e-con e-child\" data-id=\"1521a8a\" data-element_type=\"container\" data-e-type=\"container\">\n\t\t\t\t<div class=\"elementor-element elementor-element-90cd6d4 elementor-widget elementor-widget-text-editor\" data-id=\"90cd6d4\" data-element_type=\"widget\" data-e-type=\"widget\" data-widget_type=\"text-editor.default\">\n\t\t\t\t<div class=\"elementor-widget-container\">\n\t\t\t\t\t\t\t\t\t<p>La Carrera-Marcha Solidaria es un evento solidario que celebramos anualmente con el objetivo de recaudar fondos para cubrir necesidades de la asociaci\u00f3n.<\/p><p>Los fondos recaudados a trav\u00e9s de las inscripciones de corredores y dorsales 0, patrocinios y colaboraciones de las empresas y entidades se destinan a apoyar o financiar proyectos para mejorar la calidad de vida de las personas con par\u00e1lisis cerebral, afines y familias, promoviendo su desarrollo personal y la igualdad de oportunidades.<\/p><p>Ilusi\u00f3n y esperanza fueron los motores que iniciaron nuestra primera carrera. La perseverancia, el esfuerzo y la participaci\u00f3n de tod@s los que de alguna forma estais presentes en este evento nos han permitido llegar hasta esta edici\u00f3n: la 10\u00aaCarrera- Marcha Solidaria Aspace Granada.<\/p>\t\t\t\t\t\t\t\t<\/div>\n\t\t\t\t<\/div>\n\t\t\t\t<div class=\"elementor-element elementor-element-0b250d7 elementor-align-justify elementor-mobile-align-justify elementor-widget elementor-widget-button\" data-id=\"0b250d7\" data-element_type=\"widget\" data-e-type=\"widget\" data-widget_type=\"button.default\">\n\t\t\t\t<div class=\"elementor-widget-container\">\n\t\t\t\t\t\t\t\t\t<div class=\"elementor-button-wrapper\">\n\t\t\t\t\t<a class=\"elementor-button elementor-button-link elementor-size-sm\" href=\"https:\/\/www.global-tempo.com\/carreras.php?id=2801\" target=\"_blank\">\n\t\t\t\t\t\t<span class=\"elementor-button-content-wrapper\">\n\t\t\t\t\t\t\t\t\t<span class=\"elementor-button-text\">Inscribirme ahora<\/span>\n\t\t\t\t\t<\/span>\n\t\t\t\t\t<\/a>\n\t\t\t\t<\/div>\n\t\t\t\t\t\t\t\t<\/div>\n\t\t\t\t<\/div>\n\t\t\t\t<\/div>\n\t\t<div class=\"elementor-element elementor-element-6074005 e-con-full e-flex e-con e-child\" data-id=\"6074005\" data-element_type=\"container\" data-e-type=\"container\">\n\t\t\t\t<div class=\"elementor-element elementor-element-0828157 elementor-widget elementor-widget-image\" data-id=\"0828157\" data-element_type=\"widget\" data-e-type=\"widget\" data-widget_type=\"image.default\">\n\t\t\t\t<div class=\"elementor-widget-container\">\n\t\t\t\t\t\t\t\t\t\t\t\t\t\t\t<img fetchpriority=\"high\" decoding=\"async\" width=\"1024\" height=\"682\" src=\"https:\/\/www.carreraaspacegr.com\/wp-content\/uploads\/2024\/07\/Fondo-web-1-1024x682.jpg\" class=\"attachment-large size-large wp-image-198\" alt=\"\" srcset=\"https:\/\/www.carreraaspacegr.com\/wp-content\/uploads\/2024\/07\/Fondo-web-1-1024x682.jpg 1024w, https:\/\/www.carreraaspacegr.com\/wp-content\/uploads\/2024\/07\/Fondo-web-1-300x200.jpg 300w, https:\/\/www.carreraaspacegr.com\/wp-content\/uploads\/2024\/07\/Fondo-web-1.jpg 1400w\" sizes=\"(max-width: 1024px) 100vw, 1024px\" \/>\t\t\t\t\t\t\t\t\t\t\t\t\t\t\t<\/div>\n\t\t\t\t<\/div>\n\t\t\t\t<\/div>\n\t\t\t\t\t<\/div>\n\t\t\t\t<\/div>\n\t\t<div class=\"elementor-element elementor-element-7ede139 e-flex e-con-boxed e-con e-parent\" data-id=\"7ede139\" data-element_type=\"container\" data-e-type=\"container\">\n\t\t\t\t\t<div class=\"e-con-inner\">\n\t\t\t\t<div class=\"elementor-element elementor-element-bef1bc6 elementor-widget elementor-widget-heading\" data-id=\"bef1bc6\" data-element_type=\"widget\" data-e-type=\"widget\" data-widget_type=\"heading.default\">\n\t\t\t\t<div class=\"elementor-widget-container\">\n\t\t\t\t\t<h2 class=\"elementor-heading-title elementor-size-default\">Destino de los fondos en la 10\u00aa edici\u00f3n<\/h2>\t\t\t\t<\/div>\n\t\t\t\t<\/div>\n\t\t\t\t<div class=\"elementor-element elementor-element-9ab2017 elementor-widget elementor-widget-text-editor\" data-id=\"9ab2017\" data-element_type=\"widget\" data-e-type=\"widget\" data-widget_type=\"text-editor.default\">\n\t\t\t\t<div class=\"elementor-widget-container\">\n\t\t\t\t\t\t\t\t\t<p>En esta 10\u00aa edici\u00f3n de nuestra Carrera Solidaria, que se celebrar\u00e1 el pr\u00f3ximo 5 de octubre, mantenemos el mismo objetivo solidario que el a\u00f1o anterior: adquirir un nuevo microb\u00fas adaptado para renovar nuestra flota de transporte.<\/p><p>Este veh\u00edculo es fundamental para mejorar las condiciones de traslado y seguridad de las personas usuarias de nuestros servicios, especialmente quienes asisten al Centro Ocupacional, la Estancia Diurna, y las actividades de ocio.<\/p><p>El nuevo microb\u00fas contar\u00e1 con tecnolog\u00eda moderna y adaptaciones espec\u00edficas que garanticen un transporte c\u00f3modo, seguro y accesible. Gracias a vuestra participaci\u00f3n, podremos seguir dando pasos firmes hacia una mayor inclusi\u00f3n y calidad de vida para todas las personas que forman parte de nuestra asociaci\u00f3n.<\/p>\t\t\t\t\t\t\t\t<\/div>\n\t\t\t\t<\/div>\n\t\t\t\t<div class=\"elementor-element elementor-element-1988902 elementor-widget elementor-widget-image\" data-id=\"1988902\" data-element_type=\"widget\" data-e-type=\"widget\" data-widget_type=\"image.default\">\n\t\t\t\t<div class=\"elementor-widget-container\">\n\t\t\t\t\t\t\t\t\t\t\t\t\t\t\t<img decoding=\"async\" width=\"945\" height=\"581\" src=\"https:\/\/www.carreraaspacegr.com\/wp-content\/uploads\/2024\/07\/FOTO-6.jpg\" class=\"attachment-large size-large wp-image-308\" alt=\"\" srcset=\"https:\/\/www.carreraaspacegr.com\/wp-content\/uploads\/2024\/07\/FOTO-6.jpg 945w, https:\/\/www.carreraaspacegr.com\/wp-content\/uploads\/2024\/07\/FOTO-6-300x184.jpg 300w\" sizes=\"(max-width: 945px) 100vw, 945px\" \/>\t\t\t\t\t\t\t\t\t\t\t\t\t\t\t<\/div>\n\t\t\t\t<\/div>\n\t\t\t\t\t<\/div>\n\t\t\t\t<\/div>\n\t\t<div class=\"elementor-element elementor-element-98c5456 e-flex e-con-boxed e-con e-parent\" data-id=\"98c5456\" data-element_type=\"container\" data-e-type=\"container\">\n\t\t\t\t\t<div class=\"e-con-inner\">\n\t\t\t\t<div class=\"elementor-element elementor-element-3233dd4 elementor-widget elementor-widget-heading\" data-id=\"3233dd4\" data-element_type=\"widget\" data-e-type=\"widget\" data-widget_type=\"heading.default\">\n\t\t\t\t<div class=\"elementor-widget-container\">\n\t\t\t\t\t<h2 class=\"elementor-heading-title elementor-size-default\">Las ediciones anteriores<\/h2>\t\t\t\t<\/div>\n\t\t\t\t<\/div>\n\t\t<div class=\"elementor-element elementor-element-a6f1a8c e-con-full e-flex e-con e-child\" data-id=\"a6f1a8c\" data-element_type=\"container\" data-e-type=\"container\">\n\t\t<div class=\"elementor-element elementor-element-7c6b098 e-con-full e-flex e-con e-child\" data-id=\"7c6b098\" data-element_type=\"container\" data-e-type=\"container\">\n\t\t<div class=\"elementor-element elementor-element-b412aba e-con-full e-flex e-con e-child\" data-id=\"b412aba\" data-element_type=\"container\" data-e-type=\"container\">\n\t\t\t\t<div class=\"elementor-element elementor-element-9a05bef elementor-widget elementor-widget-heading\" data-id=\"9a05bef\" data-element_type=\"widget\" data-e-type=\"widget\" data-widget_type=\"heading.default\">\n\t\t\t\t<div class=\"elementor-widget-container\">\n\t\t\t\t\t<h2 class=\"elementor-heading-title elementor-size-default\">VI Carrera<\/h2>\t\t\t\t<\/div>\n\t\t\t\t<\/div>\n\t\t\t\t<div class=\"elementor-element elementor-element-476d2be elementor-widget elementor-widget-text-editor\" data-id=\"476d2be\" data-element_type=\"widget\" data-e-type=\"widget\" data-widget_type=\"text-editor.default\">\n\t\t\t\t<div class=\"elementor-widget-container\">\n\t\t\t\t\t\t\t\t\t<p><strong>Adquisici\u00f3n de Material Terap\u00e9utico para el Centro de Rehabilitaci\u00f3n<\/strong> y con ello contribuir en la mejora de la atenci\u00f3n en las distintas \u00e1reas como Fisioterapia, Logopedia, Atenci\u00f3n temprana, Psicolog\u00eda y Terapia Ocupacional.<\/p>\t\t\t\t\t\t\t\t<\/div>\n\t\t\t\t<\/div>\n\t\t\t\t<\/div>\n\t\t<div class=\"elementor-element elementor-element-60dee12 e-con-full e-flex e-con e-child\" data-id=\"60dee12\" data-element_type=\"container\" data-e-type=\"container\">\n\t\t\t\t<div class=\"elementor-element elementor-element-9fe9fa4 elementor-widget elementor-widget-image\" data-id=\"9fe9fa4\" data-element_type=\"widget\" data-e-type=\"widget\" data-widget_type=\"image.default\">\n\t\t\t\t<div class=\"elementor-widget-container\">\n\t\t\t\t\t\t\t\t\t\t\t\t\t\t\t<img decoding=\"async\" width=\"1024\" height=\"575\" src=\"https:\/\/www.carreraaspacegr.com\/wp-content\/uploads\/2024\/07\/FOTO-1-1024x575.jpg\" class=\"attachment-large size-large wp-image-304\" alt=\"\" srcset=\"https:\/\/www.carreraaspacegr.com\/wp-content\/uploads\/2024\/07\/FOTO-1-1024x575.jpg 1024w, https:\/\/www.carreraaspacegr.com\/wp-content\/uploads\/2024\/07\/FOTO-1-300x169.jpg 300w\" sizes=\"(max-width: 1024px) 100vw, 1024px\" \/>\t\t\t\t\t\t\t\t\t\t\t\t\t\t\t<\/div>\n\t\t\t\t<\/div>\n\t\t\t\t<div class=\"elementor-element elementor-element-78a3638 elementor-widget__width-initial elementor-widget elementor-widget-image\" data-id=\"78a3638\" data-element_type=\"widget\" data-e-type=\"widget\" data-widget_type=\"image.default\">\n\t\t\t\t<div class=\"elementor-widget-container\">\n\t\t\t\t\t\t\t\t\t\t\t\t\t\t\t<img loading=\"lazy\" decoding=\"async\" width=\"518\" height=\"1024\" src=\"https:\/\/www.carreraaspacegr.com\/wp-content\/uploads\/2024\/07\/FOTO-2.jpg\" class=\"attachment-large size-large wp-image-305\" alt=\"\" srcset=\"https:\/\/www.carreraaspacegr.com\/wp-content\/uploads\/2024\/07\/FOTO-2.jpg 518w, https:\/\/www.carreraaspacegr.com\/wp-content\/uploads\/2024\/07\/FOTO-2-152x300.jpg 152w\" sizes=\"(max-width: 518px) 100vw, 518px\" \/>\t\t\t\t\t\t\t\t\t\t\t\t\t\t\t<\/div>\n\t\t\t\t<\/div>\n\t\t\t\t<\/div>\n\t\t\t\t<\/div>\n\t\t<div class=\"elementor-element elementor-element-b468356 e-con-full e-flex e-con e-child\" data-id=\"b468356\" data-element_type=\"container\" data-e-type=\"container\">\n\t\t<div class=\"elementor-element elementor-element-aa0cf5e e-con-full e-flex e-con e-child\" data-id=\"aa0cf5e\" data-element_type=\"container\" data-e-type=\"container\">\n\t\t\t\t<div class=\"elementor-element elementor-element-27b5e16 elementor-widget elementor-widget-image\" data-id=\"27b5e16\" data-element_type=\"widget\" data-e-type=\"widget\" data-widget_type=\"image.default\">\n\t\t\t\t<div class=\"elementor-widget-container\">\n\t\t\t\t\t\t\t\t\t\t\t\t\t\t\t<img loading=\"lazy\" decoding=\"async\" width=\"1024\" height=\"575\" src=\"https:\/\/www.carreraaspacegr.com\/wp-content\/uploads\/2024\/07\/FOTO-3-1024x575.jpg\" class=\"attachment-large size-large wp-image-306\" alt=\"\" srcset=\"https:\/\/www.carreraaspacegr.com\/wp-content\/uploads\/2024\/07\/FOTO-3-1024x575.jpg 1024w, https:\/\/www.carreraaspacegr.com\/wp-content\/uploads\/2024\/07\/FOTO-3-300x169.jpg 300w\" sizes=\"(max-width: 1024px) 100vw, 1024px\" \/>\t\t\t\t\t\t\t\t\t\t\t\t\t\t\t<\/div>\n\t\t\t\t<\/div>\n\t\t\t\t<\/div>\n\t\t<div class=\"elementor-element elementor-element-d21e5c0 e-con-full e-flex e-con e-child\" data-id=\"d21e5c0\" data-element_type=\"container\" data-e-type=\"container\">\n\t\t\t\t<div class=\"elementor-element elementor-element-6047ea0 elementor-widget elementor-widget-heading\" data-id=\"6047ea0\" data-element_type=\"widget\" data-e-type=\"widget\" data-widget_type=\"heading.default\">\n\t\t\t\t<div class=\"elementor-widget-container\">\n\t\t\t\t\t<h2 class=\"elementor-heading-title elementor-size-default\">VII Carrera<\/h2>\t\t\t\t<\/div>\n\t\t\t\t<\/div>\n\t\t\t\t<div class=\"elementor-element elementor-element-3b4e411 elementor-widget elementor-widget-text-editor\" data-id=\"3b4e411\" data-element_type=\"widget\" data-e-type=\"widget\" data-widget_type=\"text-editor.default\">\n\t\t\t\t<div class=\"elementor-widget-container\">\n\t\t\t\t\t\t\t\t\t<p>Sistemas de comunicaci\u00f3n alternativa e implementaci\u00f3n de nuevos tratamientos adem\u00e1s de mejor de las infraestructuras de atenci\u00f3n al usuario<\/p>\t\t\t\t\t\t\t\t<\/div>\n\t\t\t\t<\/div>\n\t\t\t\t<\/div>\n\t\t\t\t<\/div>\n\t\t<div class=\"elementor-element elementor-element-7a666bd e-con-full e-flex e-con e-child\" data-id=\"7a666bd\" data-element_type=\"container\" data-e-type=\"container\">\n\t\t<div class=\"elementor-element elementor-element-74bab15 e-con-full e-flex e-con e-child\" data-id=\"74bab15\" data-element_type=\"container\" data-e-type=\"container\">\n\t\t\t\t<div class=\"elementor-element elementor-element-927c253 elementor-widget elementor-widget-heading\" data-id=\"927c253\" data-element_type=\"widget\" data-e-type=\"widget\" data-widget_type=\"heading.default\">\n\t\t\t\t<div class=\"elementor-widget-container\">\n\t\t\t\t\t<h2 class=\"elementor-heading-title elementor-size-default\">VIII Carrera<\/h2>\t\t\t\t<\/div>\n\t\t\t\t<\/div>\n\t\t\t\t<div class=\"elementor-element elementor-element-e1ccfa0 elementor-widget elementor-widget-text-editor\" data-id=\"e1ccfa0\" data-element_type=\"widget\" data-e-type=\"widget\" data-widget_type=\"text-editor.default\">\n\t\t\t\t<div class=\"elementor-widget-container\">\n\t\t\t\t\t\t\t\t\t<p>Campa\u00f1a de recaudaci\u00f3n de fondos para la adquisici\u00f3n de un exoesqueleto pedi\u00e1trico para mejorar la calidad de vida de los menores con dificultades motoras o posturales, causadas por da\u00f1os cerebrales, medulares o neuromusculares, por diversas patolog\u00edas, con numerosos beneficios que ya est\u00e1n disfrutando los m\u00e1s peques de la asociaci\u00f3n<\/p>\t\t\t\t\t\t\t\t<\/div>\n\t\t\t\t<\/div>\n\t\t\t\t<div class=\"elementor-element elementor-element-d6cfec6 elementor-align-justify elementor-mobile-align-justify elementor-widget elementor-widget-button\" data-id=\"d6cfec6\" data-element_type=\"widget\" data-e-type=\"widget\" data-widget_type=\"button.default\">\n\t\t\t\t<div class=\"elementor-widget-container\">\n\t\t\t\t\t\t\t\t\t<div class=\"elementor-button-wrapper\">\n\t\t\t\t\t<a class=\"elementor-button elementor-button-link elementor-size-sm\" href=\"https:\/\/www.global-tempo.com\/carreras.php?id=2801\" target=\"_blank\">\n\t\t\t\t\t\t<span class=\"elementor-button-content-wrapper\">\n\t\t\t\t\t\t\t\t\t<span class=\"elementor-button-text\">Ir a la inscripci\u00f3n<\/span>\n\t\t\t\t\t<\/span>\n\t\t\t\t\t<\/a>\n\t\t\t\t<\/div>\n\t\t\t\t\t\t\t\t<\/div>\n\t\t\t\t<\/div>\n\t\t\t\t<\/div>\n\t\t<div class=\"elementor-element elementor-element-a5ba69a e-con-full e-flex e-con e-child\" data-id=\"a5ba69a\" data-element_type=\"container\" data-e-type=\"container\">\n\t\t\t\t<div class=\"elementor-element elementor-element-2b9f02d elementor-widget elementor-widget-image\" data-id=\"2b9f02d\" data-element_type=\"widget\" data-e-type=\"widget\" data-widget_type=\"image.default\">\n\t\t\t\t<div class=\"elementor-widget-container\">\n\t\t\t\t\t\t\t\t\t\t\t\t\t\t\t<img loading=\"lazy\" decoding=\"async\" width=\"758\" height=\"505\" src=\"https:\/\/www.carreraaspacegr.com\/wp-content\/uploads\/2024\/07\/FOTO-5.png\" class=\"attachment-large size-large wp-image-307\" alt=\"\" srcset=\"https:\/\/www.carreraaspacegr.com\/wp-content\/uploads\/2024\/07\/FOTO-5.png 758w, https:\/\/www.carreraaspacegr.com\/wp-content\/uploads\/2024\/07\/FOTO-5-300x200.png 300w\" sizes=\"(max-width: 758px) 100vw, 758px\" \/>\t\t\t\t\t\t\t\t\t\t\t\t\t\t\t<\/div>\n\t\t\t\t<\/div>\n\t\t\t\t<div class=\"elementor-element elementor-element-eaa02ac elementor-widget__width-initial elementor-widget-mobile__width-initial elementor-widget elementor-widget-image\" data-id=\"eaa02ac\" data-element_type=\"widget\" data-e-type=\"widget\" data-widget_type=\"image.default\">\n\t\t\t\t<div class=\"elementor-widget-container\">\n\t\t\t\t\t\t\t\t\t\t\t\t\t\t\t<img loading=\"lazy\" decoding=\"async\" width=\"764\" height=\"1024\" src=\"https:\/\/www.carreraaspacegr.com\/wp-content\/uploads\/2024\/07\/FOT-4-764x1024.jpeg\" class=\"attachment-large size-large wp-image-303\" alt=\"\" srcset=\"https:\/\/www.carreraaspacegr.com\/wp-content\/uploads\/2024\/07\/FOT-4-764x1024.jpeg 764w, https:\/\/www.carreraaspacegr.com\/wp-content\/uploads\/2024\/07\/FOT-4-224x300.jpeg 224w, https:\/\/www.carreraaspacegr.com\/wp-content\/uploads\/2024\/07\/FOT-4.jpeg 1170w\" sizes=\"(max-width: 764px) 100vw, 764px\" \/>\t\t\t\t\t\t\t\t\t\t\t\t\t\t\t<\/div>\n\t\t\t\t<\/div>\n\t\t\t\t<\/div>\n\t\t\t\t<\/div>\n\t\t\t\t<\/div>\n\t\t\t\t\t<\/div>\n\t\t\t\t<\/div>\n\t\t\t\t<\/div>\n\t\t","protected":false},"excerpt":{"rendered":"<p>Evento solidario La Carrera-Marcha Solidaria es un evento solidario que celebramos anualmente con el objetivo de recaudar fondos para cubrir necesidades de la asociaci\u00f3n. Los fondos recaudados a trav\u00e9s de las inscripciones de corredores y dorsales 0, patrocinios y colaboraciones de las empresas y entidades se destinan a apoyar o financiar proyectos para mejorar la <a href=\"https:\/\/www.carreraaspacegr.com\/index.php\/evento-solidario\/\" class=\"more-link\">&#8230;<span class=\"screen-reader-text\">  Evento Solidario<\/span><\/a><\/p>\n","protected":false},"author":1,"featured_media":0,"parent":0,"menu_order":0,"comment_status":"closed","ping_status":"closed","template":"elementor_header_footer","meta":{"footnotes":""},"class_list":["post-275","page","type-page","status-publish","hentry"],"_links":{"self":[{"href":"https:\/\/www.carreraaspacegr.com\/index.php\/wp-json\/wp\/v2\/pages\/275","targetHints":{"allow":["GET"]}}],"collection":[{"href":"https:\/\/www.carreraaspacegr.com\/index.php\/wp-json\/wp\/v2\/pages"}],"about":[{"href":"https:\/\/www.carreraaspacegr.com\/index.php\/wp-json\/wp\/v2\/types\/page"}],"author":[{"embeddable":true,"href":"https:\/\/www.carreraaspacegr.com\/index.php\/wp-json\/wp\/v2\/users\/1"}],"replies":[{"embeddable":true,"href":"https:\/\/www.carreraaspacegr.com\/index.php\/wp-json\/wp\/v2\/comments?post=275"}],"version-history":[{"count":58,"href":"https:\/\/www.carreraaspacegr.com\/index.php\/wp-json\/wp\/v2\/pages\/275\/revisions"}],"predecessor-version":[{"id":652,"href":"https:\/\/www.carreraaspacegr.com\/index.php\/wp-json\/wp\/v2\/pages\/275\/revisions\/652"}],"wp:attachment":[{"href":"https:\/\/www.carreraaspacegr.com\/index.php\/wp-json\/wp\/v2\/media?parent=275"}],"curies":[{"name":"wp","href":"https:\/\/api.w.org\/{rel}","templated":true}]}}